{"id":31069,"date":"2019-10-01T17:12:49","date_gmt":"2019-10-01T15:12:49","guid":{"rendered":"http:\/\/developtrois.rskwork.com\/?page_id=31069"},"modified":"2019-10-10T17:49:14","modified_gmt":"2019-10-10T15:49:14","slug":"projects","status":"publish","type":"page","link":"https:\/\/spieturbomachinery.com\/en\/projects\/","title":{"rendered":"Projects"},"content":{"rendered":"<div class=\"wpb-content-wrapper\"><p>[vc_row content_placement=&#8221;top&#8221;][vc_column]<div class=\"clearboth\"><\/div><style>#thegem-divider-6a034525b3bdd {margin-top: 25px !important;}#thegem-divider-6a034525b3bdd {margin-bottom: 30px !important;}<\/style><div id=\"thegem-divider-6a034525b3bdd\" class=\"gem-divider  divider-textbox gem-divider-style-2\" style=\"border-color: #cf1317;\" ><\/div>[vc_column_text css_animation=&#8221;flipInX&#8221;]<\/p>\n<div class=\"styled-subtitle\" style=\"text-align: center;\"><span style=\"color: #00225e;\">\u201c Notre expertise technique et notre esprit de services nous permettent de r\u00e9pondre de mani\u00e8re pro-active aux probl\u00e9matiques de nos clients \u201d<\/span><\/div>\n<p>[\/vc_column_text]<div class=\"centered-box gem-image-centered-box\" ><div class=\"gem-image gem-wrapbox gem-wrapbox-style-default gem-wrapbox-position-centered  thegem-custom-6a034525b3c6b573\"  style=\"width: 100%;\" ><div class=\"gem-wrapbox-inner \" ><img class=\"gem-wrapbox-element img-responsive\" src=\"https:\/\/spieturbomachinery.com\/wp-content\/uploads\/2019\/07\/shadow.png\" alt=\"\"\/><\/div><style type=\"text\/css\">.thegem-custom-6a034525b3c6b573.gem-image a:hover img {filter: brightness( 100% ) contrast( 100% ) saturate( 100% ) blur( 0px ) hue-rotate( 0deg );}<\/style><\/div><\/div><style>.portfolio.portfolio-grid#style-c0605bb .portfolio-item:not(.size-item), .preloader#style-preloader-c0605bb .portfolio-item { padding: calc(42px\/2) !important; }.portfolio.portfolio-grid#style-c0605bb .portfolio-item.size-item { padding: 0 calc(42px\/2) !important; }.portfolio.portfolio-grid#style-c0605bb .portfolio-row, .preloader#style-preloader-c0605bb .skeleton-posts.portfolio-row { margin: calc(-42px\/2); }.portfolio.portfolio-grid#style-c0605bb.fullwidth-columns .portfolio-row { margin: calc(-42px\/2) 0; }.portfolio.portfolio-grid#style-c0605bb .fullwidth-block:not(.no-paddings) { padding-left: 42px; padding-right: 42px; }.portfolio.portfolio-grid#style-c0605bb .fullwidth-block .portfolio-row { padding-left: calc(42px\/2); padding-right: calc(42px\/2); }.portfolio.portfolio-grid#style-c0605bb .fullwidth-block .portfolio-top-panel { padding-left: 42px; padding-right: 42px; }.portfolio.portfolio-grid#style-c0605bb.fullwidth-columns .with-filter-sidebar .filter-sidebar { padding-left: 42px; }.portfolio.portfolio-grid#style-c0605bb .portfolio-item .caption .title span { letter-spacing: px !important; }<\/style><style>.portfolio.portfolio-grid#style-c0605bb .portfolio-filters { text-align: center; }<\/style><div id=\"style-preloader-c0605bb\" class=\"preloader save-space\"><div class=\"preloader-spin\"><\/div><\/div> <div class=\"portfolio-preloader-wrapper panel-sidebar-position-left\"> <div class=\"portfolio portfolio-grid extended-portfolio-grid no-padding portfolio-pagination-more portfolio-style-justified background-style-white title-style-light hover-zooming-blur title-on-page hover-elements-size-default version-default caption-position-page loading-animation item-animation-move-up columns-3 columns-tablet-2 columns-mobile-1 next-page-preloading \" id=\"style-c0605bb\" data-style-uid=\"c0605bb\" data-portfolio-uid=\"grid_84b546e\" data-current-page=\"1\" data-per-page=\"8\" data-next-page=\"0\" data-pages-count=\"1\" data-hover=\"zooming-blur\" data-portfolio-filter=\"[]\" data-portfolio-filter-attributes=\"null\" data-portfolio-filter-search=\"\"> <div class=\"portfolio-row-outer \"> <div class=\"portfolio-top-panel filter-type-default\"> <div class=\"portfolio-top-panel-row filter-style-buttons\"> <div class=\"portfolio-top-panel-left single\" > <div class=\"portfolio-filters filter-by-thegem_portfolios\"> <a href=\"#\" role=\"button\" data-filter=\"*\" class=\"active all title-h6 hover-pointer\"> <span class=\"light\"> Tous <\/span> <\/a> <a href=\"#\" data-filter=\".prestations\" class=\" title-h6 hover-pointer\"> <span class=\"light\"> Prestations <\/span> <\/a> <a href=\"#\" data-filter=\".projets\" class=\" title-h6 hover-pointer\"> <span class=\"light\"> Projets <\/span> <\/a> <\/div> <div class=\"portfolio-filters-resp single\"> <button class=\"menu-toggle dl-trigger\">Portfolio filters<span class=\"menu-line-1\"><\/span><span class=\"menu-line-2\"><\/span><span class=\"menu-line-3\"><\/span><\/button> <ul class=\"dl-menu\"> <li> <a href=\"#\" role=\"button\" data-filter=\"*\"> Tous <\/a> <\/li> <li> <a href=\"#\" data-filter=\".prestations\"> Prestations <\/a> <\/li> <li> <a href=\"#\" data-filter=\".projets\"> Projets <\/a> <\/li> <\/ul> <\/div> <\/div> <div class=\"portfolio-top-panel-right\"> <\/div> <\/div> <\/div> <div class=\"portfolio-top-panel selected-only\"> <div class=\"portfolio-filter-item portfolio-selected-filters left\"> <div class=\"portfolio-selected-filter-item clear-filters\"> Clear Filters\t<\/div> <\/div> <\/div> <div class=\"row portfolio-row\"> <div class=\"portfolio-set clearfix\" data-max-row-height=\"380\"> <div class=\"portfolio-item prestations item-animations-not-inited post-23456 thegem_pf_item type-thegem_pf_item status-publish has-post-thumbnail\" style=\"padding: 21px;\" data-default-sort=\"4\" data-sort-date=\"1461763772\"> <div class=\"wrap clearfix\" style=\"border-bottom-color: \"> <div class=\"image post-23456 thegem_pf_item type-thegem_pf_item status-publish has-post-thumbnail\"> <div class=\"image-inner\"> <picture> <img src=\"https:\/\/spieturbomachinery.com\/wp-content\/uploads\/2016\/04\/Gallery1.jpg\" width=\"764\" height=\"767\" class=\"attachment-thegem-portfolio-justified\" alt=\"Projet Example\" \/> <\/picture> <\/div> <div class=\"overlay\"> <div class=\"overlay-circle\"><\/div> <div class=\"links-wrapper\"> <div class=\"links\"> <div class=\"portfolio-icons\"> <a href=\"https:\/\/spieturbomachinery.com\/en\/pf\/projet\/\" target=\"_self\" class=\"icon self-link \"><\/a> <a href=\"javascript: void(0);\" class=\"icon share\"><\/a> <div class=\"overlay-line\"><\/div> <div class=\"portfolio-sharing-pane\"> <div class=\"socials-sharing socials socials-colored-hover\"> <a class=\"socials-item\" target=\"_blank\" href=\"https:\/\/www.facebook.com\/sharer\/sharer.php?u=https%3A%2F%2Fspieturbomachinery.com%2Fen%2Fpf%2Fprojet%2F\" title=\"Facebook\"><i class=\"socials-item-icon facebook\"><\/i><\/a> <a class=\"socials-item\" target=\"_blank\" href=\"https:\/\/twitter.com\/intent\/tweet?text=Projet+Example&#038;url=https%3A%2F%2Fspieturbomachinery.com%2Fen%2Fpf%2Fprojet%2F\" title=\"Twitter\"><i class=\"socials-item-icon twitter\"><\/i><\/a> <a class=\"socials-item\" target=\"_blank\" href=\"https:\/\/pinterest.com\/pin\/create\/button\/?url=https%3A%2F%2Fspieturbomachinery.com%2Fen%2Fpf%2Fprojet%2F&#038;description=Projet+Example&#038;media=https%3A%2F%2Fspieturbomachinery.com%2Fwp-content%2Fuploads%2F2016%2F04%2FGallery1-thegem-blog-timeline-large.jpg\" title=\"Pinterest\"><i class=\"socials-item-icon pinterest\"><\/i><\/a> <a class=\"socials-item\" target=\"_blank\" href=\"https:\/\/www.tumblr.com\/widgets\/share\/tool?canonicalUrl=https%3A%2F%2Fspieturbomachinery.com%2Fen%2Fpf%2Fprojet%2F\" title=\"Tumblr\"><i class=\"socials-item-icon tumblr\"><\/i><\/a> <a class=\"socials-item\" target=\"_blank\" href=\"https:\/\/www.linkedin.com\/shareArticle?mini=true&#038;url=https%3A%2F%2Fspieturbomachinery.com%2Fen%2Fpf%2Fprojet%2F&#038;title=Projet+Example&amp;summary=Lorem+ipsum+dolor+sit+amet%2C+consectetur+adipiscing+elit%2C+sed+eiusmod+tempor+incidunt+ut+labore+et+dolore+magna+aliqua.+Ut+enim+ad+minim+veniam%2C+quis+nostrud+exercitation+ullamco+laboris+nisi+ut+aliquid+ex+ea+commodi+consequat.\" title=\"LinkedIn\"><i class=\"socials-item-icon linkedin\"><\/i><\/a> <a class=\"socials-item\" target=\"_blank\" href=\"https:\/\/www.reddit.com\/submit?url=https%3A%2F%2Fspieturbomachinery.com%2Fen%2Fpf%2Fprojet%2F&#038;title=Projet+Example\" title=\"Reddit\"><i class=\"socials-item-icon reddit\"><\/i><\/a> <\/div> <\/div> <\/div> <\/div> <\/div> <\/div> <\/div> <div class=\"caption post-23456 thegem_pf_item type-thegem_pf_item status-publish has-post-thumbnail\" > <div class=\"title\" > Projet Example <\/div> <div class=\"caption-separator\" ><\/div> <div class=\"subtitle\" ><p>Lorem ipsum dolor sit amet, consectetur adipiscing elit, sed eiusmod tempor incidunt ut labore et dolore magna aliqua. Ut enim ad minim veniam, quis nostrud exercitation ullamco laboris nisi ut aliquid ex ea commodi consequat.<\/p>\n<\/div> <div class=\"gem-button-container gem-button-position-center\"><a class=\"gem-button gem-button-size-small gem-button-style-flat gem-button-text-weight-thin\" style=\"border-radius: 3px; background-color: rgb(207, 19, 23); color: rgb(255, 255, 255);\" onmouseleave=\"this.style.backgroundColor='#cf1317';this.style.color='#ffffff';\" onmouseenter=\"this.style.backgroundColor='#ffffff';this.style.color='#cf1317';\" href=\"https:\/\/spieturbomachinery.com\/en\/pf\/projet\/\" target=\"_self\">VOIR LE PROJET<\/a><\/div> <\/div> <\/div>\n<\/div> <\/div><!-- .portflio-set --> <div class=\"portfolio-item-size-container\"> <div class=\"portfolio-item item-animations-not-inited post-23456 thegem_pf_item type-thegem_pf_item status-publish has-post-thumbnail\" style=\"padding: 21px;\" data-default-sort=\"4\" data-sort-date=\"1461763772\"> <div class=\"wrap clearfix\" style=\"border-bottom-color: \"> <div class=\"image post-23456 thegem_pf_item type-thegem_pf_item status-publish has-post-thumbnail\"> <div class=\"image-inner\"> <picture> <img src=\"https:\/\/spieturbomachinery.com\/wp-content\/uploads\/2016\/04\/Gallery1.jpg\" width=\"764\" height=\"767\" class=\"attachment-thegem-portfolio-justified\" alt=\"Projet Example\" \/> <\/picture> <\/div> <div class=\"overlay\"> <div class=\"overlay-circle\"><\/div> <div class=\"links-wrapper\"> <div class=\"links\"> <div class=\"portfolio-icons\"> <a href=\"https:\/\/spieturbomachinery.com\/en\/pf\/projet\/\" target=\"_self\" class=\"icon self-link \"><\/a> <a href=\"javascript: void(0);\" class=\"icon share\"><\/a> <div class=\"overlay-line\"><\/div> <div class=\"portfolio-sharing-pane\"> <div class=\"socials-sharing socials socials-colored-hover\"> <a class=\"socials-item\" target=\"_blank\" href=\"https:\/\/www.facebook.com\/sharer\/sharer.php?u=https%3A%2F%2Fspieturbomachinery.com%2Fen%2Fpf%2Fprojet%2F\" title=\"Facebook\"><i class=\"socials-item-icon facebook\"><\/i><\/a> <a class=\"socials-item\" target=\"_blank\" href=\"https:\/\/twitter.com\/intent\/tweet?text=Projet+Example&#038;url=https%3A%2F%2Fspieturbomachinery.com%2Fen%2Fpf%2Fprojet%2F\" title=\"Twitter\"><i class=\"socials-item-icon twitter\"><\/i><\/a> <a class=\"socials-item\" target=\"_blank\" href=\"https:\/\/pinterest.com\/pin\/create\/button\/?url=https%3A%2F%2Fspieturbomachinery.com%2Fen%2Fpf%2Fprojet%2F&#038;description=Projet+Example&#038;media=https%3A%2F%2Fspieturbomachinery.com%2Fwp-content%2Fuploads%2F2016%2F04%2FGallery1-thegem-blog-timeline-large.jpg\" title=\"Pinterest\"><i class=\"socials-item-icon pinterest\"><\/i><\/a> <a class=\"socials-item\" target=\"_blank\" href=\"https:\/\/www.tumblr.com\/widgets\/share\/tool?canonicalUrl=https%3A%2F%2Fspieturbomachinery.com%2Fen%2Fpf%2Fprojet%2F\" title=\"Tumblr\"><i class=\"socials-item-icon tumblr\"><\/i><\/a> <a class=\"socials-item\" target=\"_blank\" href=\"https:\/\/www.linkedin.com\/shareArticle?mini=true&#038;url=https%3A%2F%2Fspieturbomachinery.com%2Fen%2Fpf%2Fprojet%2F&#038;title=Projet+Example&amp;summary=Lorem+ipsum+dolor+sit+amet%2C+consectetur+adipiscing+elit%2C+sed+eiusmod+tempor+incidunt+ut+labore+et+dolore+magna+aliqua.+Ut+enim+ad+minim+veniam%2C+quis+nostrud+exercitation+ullamco+laboris+nisi+ut+aliquid+ex+ea+commodi+consequat.\" title=\"LinkedIn\"><i class=\"socials-item-icon linkedin\"><\/i><\/a> <a class=\"socials-item\" target=\"_blank\" href=\"https:\/\/www.reddit.com\/submit?url=https%3A%2F%2Fspieturbomachinery.com%2Fen%2Fpf%2Fprojet%2F&#038;title=Projet+Example\" title=\"Reddit\"><i class=\"socials-item-icon reddit\"><\/i><\/a> <\/div> <\/div> <\/div> <\/div> <\/div> <\/div> <\/div> <div class=\"caption post-23456 thegem_pf_item type-thegem_pf_item status-publish has-post-thumbnail\" > <div class=\"title\" > Projet Example <\/div> <div class=\"caption-separator\" ><\/div> <div class=\"subtitle\" ><p>Lorem ipsum dolor sit amet, consectetur adipiscing elit, sed eiusmod tempor incidunt ut labore et dolore magna aliqua. Ut enim ad minim veniam, quis nostrud exercitation ullamco laboris nisi ut aliquid ex ea commodi consequat.<\/p>\n<\/div> <div class=\"gem-button-container gem-button-position-center\"><a class=\"gem-button gem-button-size-small gem-button-style-flat gem-button-text-weight-thin\" style=\"border-radius: 3px; background-color: rgb(207, 19, 23); color: rgb(255, 255, 255);\" onmouseleave=\"this.style.backgroundColor='#cf1317';this.style.color='#ffffff';\" onmouseenter=\"this.style.backgroundColor='#ffffff';this.style.color='#cf1317';\" href=\"https:\/\/spieturbomachinery.com\/en\/pf\/projet\/\" target=\"_self\">VOIR LE PROJET<\/a><\/div> <\/div> <\/div>\n<\/div> <\/div> <\/div><!-- .row--> <\/div><!-- .full-width --> <\/div><!-- .portfolio--> <\/div><!-- .portfolio-preloader-wrapper--><div class=\"clearboth\"><\/div><style>#thegem-divider-6a034525bc32c {margin-top: 20px !important;}<\/style><div id=\"thegem-divider-6a034525bc32c\" class=\"gem-divider  \" style=\"\" ><\/div>[\/vc_column][\/vc_row]<\/p>\n<\/div>","protected":false},"excerpt":{"rendered":"<p>[vc_row content_placement=&#8221;top&#8221;][vc_column][vc_column_text css_animation=&#8221;flipInX&#8221;] \u201c Notre expertise technique et notre esprit de services nous permettent de r\u00e9pondre de mani\u00e8re pro-active aux&#8230;<\/p>\n","protected":false},"author":1,"featured_media":0,"parent":0,"menu_order":0,"comment_status":"closed","ping_status":"closed","template":"","meta":{"footnotes":""},"class_list":["post-31069","page","type-page","status-publish"],"_links":{"self":[{"href":"https:\/\/spieturbomachinery.com\/en\/wp-json\/wp\/v2\/pages\/31069","targetHints":{"allow":["GET"]}}],"collection":[{"href":"https:\/\/spieturbomachinery.com\/en\/wp-json\/wp\/v2\/pages"}],"about":[{"href":"https:\/\/spieturbomachinery.com\/en\/wp-json\/wp\/v2\/types\/page"}],"author":[{"embeddable":true,"href":"https:\/\/spieturbomachinery.com\/en\/wp-json\/wp\/v2\/users\/1"}],"replies":[{"embeddable":true,"href":"https:\/\/spieturbomachinery.com\/en\/wp-json\/wp\/v2\/comments?post=31069"}],"version-history":[{"count":6,"href":"https:\/\/spieturbomachinery.com\/en\/wp-json\/wp\/v2\/pages\/31069\/revisions"}],"predecessor-version":[{"id":31612,"href":"https:\/\/spieturbomachinery.com\/en\/wp-json\/wp\/v2\/pages\/31069\/revisions\/31612"}],"wp:attachment":[{"href":"https:\/\/spieturbomachinery.com\/en\/wp-json\/wp\/v2\/media?parent=31069"}],"curies":[{"name":"wp","href":"https:\/\/api.w.org\/{rel}","templated":true}]}}